{"id":4794,"date":"2021-02-17T10:12:42","date_gmt":"2021-02-17T09:12:42","guid":{"rendered":"http:\/\/michaelakindle.com\/?page_id=4794"},"modified":"2023-02-23T23:02:11","modified_gmt":"2023-02-23T22:02:11","slug":"versandarten","status":"publish","type":"page","link":"http:\/\/michaelakindle.com\/de\/versandarten\/","title":{"rendered":"DELIVERY &#038; SHIPPING"},"content":{"rendered":"<div data-elementor-type=\"wp-post\" data-elementor-id=\"4794\" class=\"elementor elementor-4794\">\n\t\t\t\t\t\t<section class=\"jarallax lazyload elementor-section elementor-top-section elementor-element elementor-element-dc4f68b elementor-section-boxed elementor-section-height-default elementor-section-height-default\" data-jarallax=\"\" data-speed=\"0.75\" data-type=\"scroll\" data-parallax=\"scroll\" style=\"background-image:url(&quot;https:\/\/michaelakindle.com\/wp-content\/uploads\/2023\/02\/Suddenly_80x80_RGB_\u00a9Michaela-Kindle.jpg&quot;);\" data-image-src=\"https:\/\/michaelakindle.com\/wp-content\/uploads\/2023\/02\/Suddenly_80x80_RGB_\u00a9Michaela-Kindle.jpg\" data-id=\"dc4f68b\" data-element_type=\"section\" data-e-type=\"section\" data-settings=\"{&quot;background_background&quot;:&quot;classic&quot;}\">\n\t\t\t\t\t\t\t<div class=\"elementor-background-overlay\"><\/div>\n\t\t\t\t\t\t\t<div class=\"elementor-container elementor-column-gap-narrow\">\n\t\t\t\t\t<div class=\"elementor-column elementor-col-100 elementor-top-column elementor-element elementor-element-5509dd2\" data-id=\"5509dd2\" data-element_type=\"column\" data-e-type=\"column\">\n\t\t\t<div class=\"elementor-widget-wrap elementor-element-populated\">\n\t\t\t\t\t\t<div class=\"elementor-element elementor-element-2c62237 section-align-center subtitle-style-sidelines section-size-default elementor-widget elementor-widget-section-heading\" data-id=\"2c62237\" data-element_type=\"widget\" data-e-type=\"widget\" data-widget_type=\"section-heading.default\">\n\t\t\t\t<div class=\"elementor-widget-container\">\n\t\t\t\t\t<div class=\"section-heading headingstyle-subtitle\"><h5 class=\"entry-sub-title section-sub-title\">LIEFERUNG &amp; VERSAND<\/h5><div class=\"section-title-wrapper\"><h1 class=\"entry-title section-title\"><\/h1><\/div><\/div>\t\t\t\t<\/div>\n\t\t\t\t<\/div>\n\t\t\t\t\t<\/div>\n\t\t<\/div>\n\t\t\t\t\t<\/div>\n\t\t<\/section>\n\t\t\t\t<section class=\"elementor-section elementor-top-section elementor-element elementor-element-5920c39 elementor-section-boxed elementor-section-height-default elementor-section-height-default\" data-id=\"5920c39\" data-element_type=\"section\" data-e-type=\"section\">\n\t\t\t\t\t\t<div class=\"elementor-container elementor-column-gap-default\">\n\t\t\t\t\t<div class=\"elementor-column elementor-col-100 elementor-top-column elementor-element elementor-element-2bc23bb\" data-id=\"2bc23bb\" data-element_type=\"column\" data-e-type=\"column\">\n\t\t\t<div class=\"elementor-widget-wrap elementor-element-populated\">\n\t\t\t\t\t\t<div class=\"elementor-element elementor-element-20dea4a elementor-widget elementor-widget-spacer\" data-id=\"20dea4a\" data-element_type=\"widget\" data-e-type=\"widget\" data-widget_type=\"spacer.default\">\n\t\t\t\t<div class=\"elementor-widget-container\">\n\t\t\t\t\t\t\t<div class=\"elementor-spacer\">\n\t\t\t<div class=\"elementor-spacer-inner\"><\/div>\n\t\t<\/div>\n\t\t\t\t\t\t<\/div>\n\t\t\t\t<\/div>\n\t\t\t\t\t<\/div>\n\t\t<\/div>\n\t\t\t\t\t<\/div>\n\t\t<\/section>\n\t\t\t\t<section class=\"elementor-section elementor-top-section elementor-element elementor-element-40c4ed7 elementor-section-boxed elementor-section-height-default elementor-section-height-default\" data-id=\"40c4ed7\" data-element_type=\"section\" data-e-type=\"section\">\n\t\t\t\t\t\t<div class=\"elementor-container elementor-column-gap-default\">\n\t\t\t\t\t<div class=\"elementor-column elementor-col-100 elementor-top-column elementor-element elementor-element-bdce30a\" data-id=\"bdce30a\" data-element_type=\"column\" data-e-type=\"column\">\n\t\t\t<div class=\"elementor-widget-wrap elementor-element-populated\">\n\t\t\t\t\t\t<div class=\"elementor-element elementor-element-8eece0e elementor-widget elementor-widget-text-editor\" data-id=\"8eece0e\" data-element_type=\"widget\" data-e-type=\"widget\" data-widget_type=\"text-editor.default\">\n\t\t\t\t<div class=\"elementor-widget-container\">\n\t\t\t\t\t\t\t\t\t<p><span style=\"font-size: 24pt;\"><strong>Delivery &amp; Shipping Costs<\/strong><\/span><\/p><table><tbody><tr><td width=\"278\"><p>Deutschland<\/p><\/td><td><p>Versandkostenfrei im Standard-Versand<\/p><\/td><\/tr><tr><td width=\"278\"><p>\u00d6sterreich, Belgien, Niederlande, Luxemburg, Frankreich, Italien, Schweden, D\u00e4nemark, Polen, Tschechien, Schweiz*, Ungarn, Slowenien, Slowakei<\/p><\/td><td><p>5 % of the basket value<\/p><\/td><\/tr><tr><td width=\"278\"><p>\u00a0<\/p><\/td><td><p>* Plus a fee of 30,- \u20ac for the preparation of the papers, the buyer bears the import VAT when exporting the goods.<\/p><\/td><\/tr><\/tbody><\/table><p><strong>Versandoptionen<\/strong><\/p><table><tbody><tr><td width=\"278\"><p>Standard-Versand<\/p><\/td><td><p>Die Lieferung der Ware erfolgt frei Haus. Das bedeutet, dass die Ware hinter die erste verschlossene T\u00fcr geliefert wird. Transport, Verpackungsentsorgung und Montage\/Installation sind nicht enthalten.<\/p><p>Die Auslieferung erfolgt von Montag - Freitag zu den \u00fcblichen B\u00fcrozeiten.<\/p><\/td><\/tr><\/tbody><\/table><p><strong>Lieferzeiten<\/strong><\/p><table><tbody><tr><td width=\"278\"><p>\u00a0<\/p><\/td><td><p>\u00a0<\/p><\/td><\/tr><tr><td width=\"278\"><p>Ware die produziert werden muss nach Kundenkonfiguration<\/p><\/td><td><p>Nach Auftrags- &amp; Zahlungseingang wird die Ware nach Kundenwunsch gefertigt und anschlie\u00dfend von der Druckerei direkt an den Kunden versandt. Die Lieferung erfolgt in der Regel \u00fcber eine St\u00fcckgutspedition.<\/p><\/td><\/tr><\/tbody><\/table><p>\u00a0<\/p><p>\u00a0<\/p><p><br \/><br \/><\/p><p>\u00a0<\/p>\t\t\t\t\t\t\t\t<\/div>\n\t\t\t\t<\/div>\n\t\t\t\t\t<\/div>\n\t\t<\/div>\n\t\t\t\t\t<\/div>\n\t\t<\/section>\n\t\t\t\t<\/div>","protected":false},"excerpt":{"rendered":"<p>DELIVERY &#038; SHIPPING Delivery &amp; Shipping Costs Germany Free of shipping costs in standard shipping Austria, Belgium, Netherlands, Luxembourg, France, Italy, Sweden, Denmark, Poland, Czech Republic, Switzerland*, Hungary, Slovenia, Slovakia 5 % of the basket value \u00a0 * Plus a fee of 30,- \u20ac for the preparation of the papers, the buyer bears the import VAT when exporting the goods. Shipping options Standard shipping The goods are delivered free of charge. This means that the goods are delivered behind the [&hellip;]<\/p>\n","protected":false},"author":4,"featured_media":0,"parent":0,"menu_order":0,"comment_status":"closed","ping_status":"closed","template":"","meta":{"footnotes":""},"class_list":["post-4794","page","type-page","status-publish","hentry"],"yoast_head":"<!-- This site is optimized with the Yoast SEO plugin v27.4 - https:\/\/yoast.com\/product\/yoast-seo-wordpress\/ -->\n<title>DELIVERY &amp; SHIPPING - Michaela Kindle | Artist<\/title>\n<meta name=\"robots\" content=\"index, follow, max-snippet:-1, max-image-preview:large, max-video-preview:-1\" \/>\n<link rel=\"canonical\" href=\"http:\/\/michaelakindle.com\/de\/versandarten\/\" \/>\n<meta property=\"og:locale\" content=\"de_DE\" \/>\n<meta property=\"og:type\" content=\"article\" \/>\n<meta property=\"og:title\" content=\"DELIVERY &amp; SHIPPING - Michaela Kindle | Artist\" \/>\n<meta property=\"og:description\" content=\"DELIVERY &#038; SHIPPING Delivery &amp; Shipping Costs Germany Free of shipping costs in standard shipping Austria, Belgium, Netherlands, Luxembourg, France, Italy, Sweden, Denmark, Poland, Czech Republic, Switzerland*, Hungary, Slovenia, Slovakia 5 % of the basket value \u00a0 * Plus a fee of 30,- \u20ac for the preparation of the papers, the buyer bears the import VAT when exporting the goods. Shipping options Standard shipping The goods are delivered free of charge. This means that the goods are delivered behind the [&hellip;]\" \/>\n<meta property=\"og:url\" content=\"http:\/\/michaelakindle.com\/de\/versandarten\/\" \/>\n<meta property=\"og:site_name\" content=\"Michaela Kindle | Artist\" \/>\n<meta property=\"article:modified_time\" content=\"2023-02-23T22:02:11+00:00\" \/>\n<meta name=\"twitter:card\" content=\"summary_large_image\" \/>\n<meta name=\"twitter:label1\" content=\"Gesch\u00e4tzte Lesezeit\" \/>\n\t<meta name=\"twitter:data1\" content=\"1\u00a0Minute\" \/>\n<script type=\"application\/ld+json\" class=\"yoast-schema-graph\">{\"@context\":\"https:\\\/\\\/schema.org\",\"@graph\":[{\"@type\":\"WebPage\",\"@id\":\"http:\\\/\\\/michaelakindle.com\\\/de\\\/versandarten\\\/\",\"url\":\"http:\\\/\\\/michaelakindle.com\\\/de\\\/versandarten\\\/\",\"name\":\"DELIVERY & SHIPPING - Michaela Kindle | Artist\",\"isPartOf\":{\"@id\":\"https:\\\/\\\/michaelakindle.com\\\/en\\\/#website\"},\"datePublished\":\"2021-02-17T09:12:42+00:00\",\"dateModified\":\"2023-02-23T22:02:11+00:00\",\"breadcrumb\":{\"@id\":\"http:\\\/\\\/michaelakindle.com\\\/de\\\/versandarten\\\/#breadcrumb\"},\"inLanguage\":\"de\",\"potentialAction\":[{\"@type\":\"ReadAction\",\"target\":[\"http:\\\/\\\/michaelakindle.com\\\/de\\\/versandarten\\\/\"]}]},{\"@type\":\"BreadcrumbList\",\"@id\":\"http:\\\/\\\/michaelakindle.com\\\/de\\\/versandarten\\\/#breadcrumb\",\"itemListElement\":[{\"@type\":\"ListItem\",\"position\":1,\"name\":\"Startseite\",\"item\":\"https:\\\/\\\/michaelakindle.com\\\/en\\\/\"},{\"@type\":\"ListItem\",\"position\":2,\"name\":\"DELIVERY &#038; SHIPPING\"}]},{\"@type\":\"WebSite\",\"@id\":\"https:\\\/\\\/michaelakindle.com\\\/en\\\/#website\",\"url\":\"https:\\\/\\\/michaelakindle.com\\\/en\\\/\",\"name\":\"Michaela Kindle | Artist\",\"description\":\"Michaela creates a visual world with her surreal themes, that is somewhere between dreams and fairy tales.\",\"publisher\":{\"@id\":\"https:\\\/\\\/michaelakindle.com\\\/en\\\/#organization\"},\"potentialAction\":[{\"@type\":\"SearchAction\",\"target\":{\"@type\":\"EntryPoint\",\"urlTemplate\":\"https:\\\/\\\/michaelakindle.com\\\/en\\\/?s={search_term_string}\"},\"query-input\":{\"@type\":\"PropertyValueSpecification\",\"valueRequired\":true,\"valueName\":\"search_term_string\"}}],\"inLanguage\":\"de\"},{\"@type\":\"Organization\",\"@id\":\"https:\\\/\\\/michaelakindle.com\\\/en\\\/#organization\",\"name\":\"Michaela Kindle | Artist\",\"url\":\"https:\\\/\\\/michaelakindle.com\\\/en\\\/\",\"logo\":{\"@type\":\"ImageObject\",\"inLanguage\":\"de\",\"@id\":\"https:\\\/\\\/michaelakindle.com\\\/en\\\/#\\\/schema\\\/logo\\\/image\\\/\",\"url\":\"https:\\\/\\\/michaelakindle.com\\\/wp-content\\\/uploads\\\/2022\\\/09\\\/COCINA-III-CASA-ALONSO-\u00a9-Daniel-Ricardo-Gonzalez.jpg\",\"contentUrl\":\"https:\\\/\\\/michaelakindle.com\\\/wp-content\\\/uploads\\\/2022\\\/09\\\/COCINA-III-CASA-ALONSO-\u00a9-Daniel-Ricardo-Gonzalez.jpg\",\"width\":1731,\"height\":1154,\"caption\":\"Michaela Kindle | Artist\"},\"image\":{\"@id\":\"https:\\\/\\\/michaelakindle.com\\\/en\\\/#\\\/schema\\\/logo\\\/image\\\/\"}}]}<\/script>\n<!-- \/ Yoast SEO plugin. -->","yoast_head_json":{"title":"DELIVERY & SHIPPING - Michaela Kindle | Artist","robots":{"index":"index","follow":"follow","max-snippet":"max-snippet:-1","max-image-preview":"max-image-preview:large","max-video-preview":"max-video-preview:-1"},"canonical":"http:\/\/michaelakindle.com\/de\/versandarten\/","og_locale":"de_DE","og_type":"article","og_title":"DELIVERY & SHIPPING - Michaela Kindle | Artist","og_description":"DELIVERY &#038; SHIPPING Delivery &amp; Shipping Costs Germany Free of shipping costs in standard shipping Austria, Belgium, Netherlands, Luxembourg, France, Italy, Sweden, Denmark, Poland, Czech Republic, Switzerland*, Hungary, Slovenia, Slovakia 5 % of the basket value \u00a0 * Plus a fee of 30,- \u20ac for the preparation of the papers, the buyer bears the import VAT when exporting the goods. Shipping options Standard shipping The goods are delivered free of charge. This means that the goods are delivered behind the [&hellip;]","og_url":"http:\/\/michaelakindle.com\/de\/versandarten\/","og_site_name":"Michaela Kindle | Artist","article_modified_time":"2023-02-23T22:02:11+00:00","twitter_card":"summary_large_image","twitter_misc":{"Gesch\u00e4tzte Lesezeit":"1\u00a0Minute"},"schema":{"@context":"https:\/\/schema.org","@graph":[{"@type":"WebPage","@id":"http:\/\/michaelakindle.com\/de\/versandarten\/","url":"http:\/\/michaelakindle.com\/de\/versandarten\/","name":"DELIVERY & SHIPPING - Michaela Kindle | Artist","isPartOf":{"@id":"https:\/\/michaelakindle.com\/en\/#website"},"datePublished":"2021-02-17T09:12:42+00:00","dateModified":"2023-02-23T22:02:11+00:00","breadcrumb":{"@id":"http:\/\/michaelakindle.com\/de\/versandarten\/#breadcrumb"},"inLanguage":"de","potentialAction":[{"@type":"ReadAction","target":["http:\/\/michaelakindle.com\/de\/versandarten\/"]}]},{"@type":"BreadcrumbList","@id":"http:\/\/michaelakindle.com\/de\/versandarten\/#breadcrumb","itemListElement":[{"@type":"ListItem","position":1,"name":"Startseite","item":"https:\/\/michaelakindle.com\/en\/"},{"@type":"ListItem","position":2,"name":"DELIVERY &#038; SHIPPING"}]},{"@type":"WebSite","@id":"https:\/\/michaelakindle.com\/en\/#website","url":"https:\/\/michaelakindle.com\/en\/","name":"Michaela Kindle | Artist","description":"Michaela creates a visual world with her surreal themes, that is somewhere between dreams and fairy tales.","publisher":{"@id":"https:\/\/michaelakindle.com\/en\/#organization"},"potentialAction":[{"@type":"SearchAction","target":{"@type":"EntryPoint","urlTemplate":"https:\/\/michaelakindle.com\/en\/?s={search_term_string}"},"query-input":{"@type":"PropertyValueSpecification","valueRequired":true,"valueName":"search_term_string"}}],"inLanguage":"de"},{"@type":"Organization","@id":"https:\/\/michaelakindle.com\/en\/#organization","name":"Michaela Kindle | Artist","url":"https:\/\/michaelakindle.com\/en\/","logo":{"@type":"ImageObject","inLanguage":"de","@id":"https:\/\/michaelakindle.com\/en\/#\/schema\/logo\/image\/","url":"https:\/\/michaelakindle.com\/wp-content\/uploads\/2022\/09\/COCINA-III-CASA-ALONSO-\u00a9-Daniel-Ricardo-Gonzalez.jpg","contentUrl":"https:\/\/michaelakindle.com\/wp-content\/uploads\/2022\/09\/COCINA-III-CASA-ALONSO-\u00a9-Daniel-Ricardo-Gonzalez.jpg","width":1731,"height":1154,"caption":"Michaela Kindle | Artist"},"image":{"@id":"https:\/\/michaelakindle.com\/en\/#\/schema\/logo\/image\/"}}]}},"_links":{"self":[{"href":"http:\/\/michaelakindle.com\/de\/wp-json\/wp\/v2\/pages\/4794","targetHints":{"allow":["GET"]}}],"collection":[{"href":"http:\/\/michaelakindle.com\/de\/wp-json\/wp\/v2\/pages"}],"about":[{"href":"http:\/\/michaelakindle.com\/de\/wp-json\/wp\/v2\/types\/page"}],"author":[{"embeddable":true,"href":"http:\/\/michaelakindle.com\/de\/wp-json\/wp\/v2\/users\/4"}],"replies":[{"embeddable":true,"href":"http:\/\/michaelakindle.com\/de\/wp-json\/wp\/v2\/comments?post=4794"}],"version-history":[{"count":26,"href":"http:\/\/michaelakindle.com\/de\/wp-json\/wp\/v2\/pages\/4794\/revisions"}],"predecessor-version":[{"id":9282,"href":"http:\/\/michaelakindle.com\/de\/wp-json\/wp\/v2\/pages\/4794\/revisions\/9282"}],"wp:attachment":[{"href":"http:\/\/michaelakindle.com\/de\/wp-json\/wp\/v2\/media?parent=4794"}],"curies":[{"name":"wp","href":"https:\/\/api.w.org\/{rel}","templated":true}]}}